{"id":7257,"date":"2025-11-20T12:41:37","date_gmt":"2025-11-20T12:41:37","guid":{"rendered":"https:\/\/danielnavarre.com\/politica-de-cookies-copy\/"},"modified":"2025-11-21T06:26:07","modified_gmt":"2025-11-21T06:26:07","slug":"politica-de-privacitat","status":"publish","type":"page","link":"https:\/\/danielnavarre.com\/es\/politica-de-privacitat\/","title":{"rendered":"POL\u00cdTICA DE PRIVACITAT"},"content":{"rendered":"<div class=\"vc_row wpb_row vc_row-fluid\" ><div class=\"wpb_column vc_column_container vc_col-sm-12\"><div class=\"vc_column-inner\"><div class=\"wpb_wrapper\"><div class=\"vc_empty_space\"   style=\"height: 50px\"><span class=\"vc_empty_space_inner\"><\/span><\/div>\n\t<div class=\"wpb_text_column wpb_content_element\" >\n\t\t<div class=\"wpb_wrapper\">\n\t\t\t<h5><strong>POL\u00cdTICA DE PRIVACITAT<\/strong><\/h5>\n\n\t\t<\/div>\n\t<\/div>\n<div class=\"vc_empty_space\"   style=\"height: 50px\"><span class=\"vc_empty_space_inner\"><\/span><\/div><\/div><\/div><\/div><\/div><div class=\"vc_row wpb_row vc_row-fluid\" ><div class=\"wpb_column vc_column_container vc_col-sm-12\"><div class=\"vc_column-inner\"><div class=\"wpb_wrapper\">\n\t<div class=\"wpb_text_column wpb_content_element\" >\n\t\t<div class=\"wpb_wrapper\">\n\t\t\t<p style=\"font-weight: 400;\"><strong><u>POL\u00cdTICA DE PRIVACIDAD<\/u><\/strong><\/p>\n<p style=\"font-weight: 400;\">De conformidad con lo dispuesto en el Reglamento General de Protecci\u00f3n de Datos RGPD UE 679\/2016 y la Ley Org\u00e1nica 3\/2018 de 5 de Diciembre, de Protecci\u00f3n de Datos Personales y Garant\u00eda de los Derechos Digitales, se le facilita la siguiente informaci\u00f3n del tratamiento de sus datos de car\u00e1cter personal:<\/p>\n<p style=\"font-weight: 400;\"><strong>\u00bfQui\u00e9n es responsable del tratamiento de sus datos personales?<\/strong><\/p>\n<p style=\"font-weight: 400;\">Responsable del tratamiento: DANIEL NAVARRE LIZANDRA 52.174. 555 K\u00a0domicilio en\u00a0\u00a0Av Badalona 31. Of 3. 08100 Mollet del Vall\u00e8s Barcelona\u00a0direcci\u00f3n de correo electr\u00f3nico\u00a0<a href=\"mailto:ESTUDIDN@DANIELNAVARRE.COM\">ESTUDIDN@DANIELNAVARRE.COM<\/a>\u00a0\u00a0y web\u00a0<a href=\"https:\/\/danielnavarre.com\/es\/\" data-saferedirecturl=\"https:\/\/www.google.com\/url?q=http:\/\/WWW.DANIELNAVARRE.COM&amp;source=gmail&amp;ust=1763792496003000&amp;usg=AOvVaw11WY5nfDj4JnskryWIidKf\">WWW.DANIELNAVARRE.COM<\/a><\/p>\n<p style=\"font-weight: 400;\"><strong>\u00a0<\/strong><\/p>\n<p style=\"font-weight: 400;\"><strong>\u00bfQu\u00e9 datos tratamos?<\/strong><\/p>\n<p style=\"font-weight: 400;\">DANIEL NAVARRE LIZANDRA trata los datos personales facilitados por usted a trav\u00e9s de la cumplimentaci\u00f3n de los formularios habilitados a tal efecto en esta p\u00e1gina web, los datos personales derivados de la prestaci\u00f3n o contrataci\u00f3n de nuestros servicios o productos y\/o los datos personales derivados de la relaci\u00f3n comercial que usted mantiene con nosotros. Adem\u00e1s, tratamos los datos personales generados en el contexto de su actividad en nuestra p\u00e1gina web, dentro de cuya categor\u00eda se incluyen sus datos de navegaci\u00f3n obtenidos a trav\u00e9s de la p\u00e1gina web.<\/p>\n<p style=\"font-weight: 400;\">Es importante para nosotros mantener el registro de sus datos personales actualizado. Usted tiene la obligaci\u00f3n de mantenernos informados de cualquier cambio o error en sus datos personales tan pronto como sea posible poni\u00e9ndose en contacto con nosotros en el correo electr\u00f3nico:\u00a0<a href=\"mailto:ESTUDIDN@DANIELNAVARRE.COM\">ESTUDIDN@DANIELNAVARRE.COM<\/a><\/p>\n<p style=\"font-weight: 400;\"><strong>\u00bfCon qu\u00e9 finalidad tratamos sus datos de car\u00e1cter personal?<\/strong><\/p>\n<p style=\"font-weight: 400;\"><strong>Finalidad:<\/strong>\u00a0DANIEL NAVARRE LIZANDRA\u00a0podr\u00e1 tratar sus datos personales para las siguientes finalidades:<\/p>\n<p style=\"font-weight: 400;\">-Gesti\u00f3n y mantenimiento de los servicios proporcionados a trav\u00e9s de la p\u00e1gina web.<\/p>\n<p style=\"font-weight: 400;\">-Gesti\u00f3n y atenci\u00f3n de las consultas y solicitudes de informaci\u00f3n realizadas por los usuarios a trav\u00e9s del formulario de contacto. La direcci\u00f3n de correo electr\u00f3nico y los datos de car\u00e1cter personal que usted nos proporciona a trav\u00e9s del formulario de contacto de la p\u00e1gina web ser\u00e1n utilizados exclusivamente para atender las consultas que nos plantee por este medio.<\/p>\n<p style=\"font-weight: 400;\">-Cumplimiento de las obligaciones legales aplicables.<\/p>\n<p style=\"font-weight: 400;\">-Env\u00edo de comunicaciones comerciales y boletines informativos, as\u00ed como publicidad de nuestros servicios y productos.<\/p>\n<p style=\"font-weight: 400;\">-Gesti\u00f3n de la contrataci\u00f3n de nuestros servicios y\/o productos.<\/p>\n<p style=\"font-weight: 400;\">-Gesti\u00f3n de las solicitudes de informaci\u00f3n o solicitudes de presupuestos de nuestros servicios o productos.<\/p>\n<p style=\"font-weight: 400;\">-En caso de haberlo consentido y con el fin de poder ofrecerle servicios de acuerdo con sus intereses sus datos personales pueden ser utilizados para elaborar un perfil comercial. No se tomar\u00e1n decisiones automatizadas en base a dicho perfil.<\/p>\n<p style=\"font-weight: 400;\">Conservamos sus datos de car\u00e1cter personal en nuestros sistemas y archivos el tiempo necesario para llevar a cabo los fines del tratamiento, y para cumplir con lo dispuesto en la legislaci\u00f3n aplicable. Se conservar\u00e1n sus datos personales mientras exista una relaci\u00f3n contractual y\/o comercial con usted, o mientras usted no ejerza su derecho de supresi\u00f3n y\/o limitaci\u00f3n del tratamiento de sus datos. El periodo de conservaci\u00f3n de los datos personales variar\u00e1 en funci\u00f3n de los fines del tratamiento y con car\u00e1cter general:<\/p>\n<p style=\"font-weight: 400;\">-Los datos personales que nos proporciona en los supuestos de contrataci\u00f3n de nuestros servicios o productos ser\u00e1n conservados durante la relaci\u00f3n contractual y, una vez finalizada la misma, durante el plazo de prescripci\u00f3n de las acciones legales que se puedan derivar de la misma.<\/p>\n<p style=\"font-weight: 400;\">-Los datos personales que nos proporciona para gestionar solicitudes de informaci\u00f3n o consultas a trav\u00e9s del formulario de contacto se conservar\u00e1n mientras usted no solicite su supresi\u00f3n o cancelaci\u00f3n.<\/p>\n<p style=\"font-weight: 400;\">-Los datos personales que nos proporciona para suscribirse a nuestro Newsletter o boletines informativos se conservar\u00e1n mientras usted no solicite su supresi\u00f3n, oposici\u00f3n y\/o limitaci\u00f3n.<\/p>\n<p style=\"font-weight: 400;\">-Los datos personales obtenidos de su navegaci\u00f3n y h\u00e1bitos de consumo, as\u00ed como el perfil comercial obtenido, se conservar\u00e1n mientras usted no solicite su supresi\u00f3n o cancelaci\u00f3n.<\/p>\n<p style=\"font-weight: 400;\">Sus datos de car\u00e1cter personal ser\u00e1n conservados mientras sean \u00fatiles para las finalidades indicadas, y, en cualquier caso, durante los plazos legales y el tiempo necesario para atender a posibles responsabilidades nacidas del tratamiento.<\/p>\n<p style=\"font-weight: 400;\"><strong>Seguridad de los datos.<\/strong><\/p>\n<p style=\"font-weight: 400;\">Disponemos de medidas de seguridad t\u00e9cnicas y organizativas adecuadas para proteger sus datos personales contra el tratamiento no autorizado o il\u00edcito y contra su p\u00e9rdida, destrucci\u00f3n o da\u00f1o accidental, asegurando la integridad y confidencialidad de los mismos. Las medidas de seguridad t\u00e9cnicas y organizativas implantadas permiten: garantizar la confidencialidad, integridad, disponibilidad y resiliencia permanentes de los sistemas y servicios de tratamiento; restaurar la disponibilidad y el acceso a los datos de car\u00e1cter personal de forma r\u00e1pida en caso de incidente f\u00edsico o t\u00e9cnico; y verificar, evaluar y valorar de forma regular la eficacia de las medidas t\u00e9cnicas y organizativas implantadas para garantizar la seguridad del tratamiento.<\/p>\n<p style=\"font-weight: 400;\">Estas medidas de seguridad t\u00e9cnicas y organizativas han sido dise\u00f1adas teniendo en cuenta nuestra infraestructura de TI, el estado de la t\u00e9cnica de acuerdo con los est\u00e1ndares y pr\u00e1cticas actuales, el coste de la aplicaci\u00f3n y la naturaleza, \u00e1mbito, contexto y fines del tratamiento, as\u00ed como los riesgos de diversa probabilidad y gravedad que entra\u00f1a el tratamiento para sus datos personales.<\/p>\n<p style=\"font-weight: 400;\"><strong>\u00bfCu\u00e1l es la legitimaci\u00f3n para el tratamiento de sus datos?<\/strong><\/p>\n<p style=\"font-weight: 400;\"><strong>Legitimaci\u00f3n:<\/strong>\u00a0La legitimaci\u00f3n para tratar sus datos de car\u00e1cter personal est\u00e1 basada en:<\/p>\n<p style=\"font-weight: 400;\">-La ejecuci\u00f3n y mantenimiento de una relaci\u00f3n contractual y comercial con usted, como, por ejemplo la contrataci\u00f3n de productos y servicios de la entidad, gesti\u00f3n y solicitud de presupuestos de los productos y\/o servicios de la entidad, todo ello de conformidad con lo dispuesto en el art\u00edculo 6.1.B del RGPD (UE) 679\/2016 y la Ley Org\u00e1nica 3\/2018, de 5 de diciembre (LOPDPGDD).<\/p>\n<p style=\"font-weight: 400;\">-Su consentimiento expreso para una o varias finalidades, como por ejemplo el env\u00edo de comunicaciones publicitarias o boletines informativos propios o de terceros, gesti\u00f3n de env\u00edos de curriculum vitae, participaci\u00f3n en actividades o concursos, todo ello de conformidad con lo dispuesto el art\u00edculo 6.1.A del RGPD (UE) 679\/2016 y la Ley Org\u00e1nica 3\/2018, de 5 de diciembre (LOPDPGDD).<\/p>\n<p style=\"font-weight: 400;\">-El cumplimiento de distintas obligaciones legales, todo ello de conformidad con lo dispuesto en el art\u00edculo 6.1.C del RGPD (UE) 679\/2016 y la Ley Org\u00e1nica 3\/2018, de 5 de diciembre (LOPDPGDD).<\/p>\n<p style=\"font-weight: 400;\">&#8211; La satisfacci\u00f3n de intereses leg\u00edtimos perseguidos por el responsable del tratamiento o por un tercero, por ejemplo, por motivos de seguridad, para mejorar nuestros servicios y o para gestionar sus solicitudes o consultas.<\/p>\n<p style=\"font-weight: 400;\">Durante el proceso de recogida de datos, y en cada lugar de la web en el que se soliciten datos de car\u00e1cter personal, el usuario ser\u00e1 informado, ya sea mediante un hiperv\u00ednculo, ya sea mediante la inclusi\u00f3n de las menciones oportunas en el propio formulario, del car\u00e1cter obligatorio o no de la recogida de sus datos de car\u00e1cter personal.<\/p>\n<p style=\"font-weight: 400;\">Los datos personales solicitados en los formularios de la p\u00e1gina web son, con car\u00e1cter general, obligatorios (salvo que en el campo requerido se especifique lo contrario) para cumplir con las finalidades establecidas. Por lo tanto, si no se facilitan los datos personales solicitados, o no se facilitan correctamente, no podr\u00e1n atenderse las mismas.<\/p>\n<p style=\"font-weight: 400;\">Existe la obligaci\u00f3n de facilitar sus datos de car\u00e1cter personal en los supuestos de contrataci\u00f3n de un servicio o producto, y\/o en aquellos supuestos de solicitud de presupuestos u ofertas.<\/p>\n<p style=\"font-weight: 400;\">El env\u00edo de comunicaciones publicitarias, newsletter o boletines informativos de nuestros productos y servicios est\u00e1 basado en el consentimiento que se le solicita, sin que en ning\u00fan caso la retirada de este consentimiento condicione la relaci\u00f3n contractual o comercial que usted mantiene con nosotros.<\/p>\n<p style=\"font-weight: 400;\">Si usted nos ha autorizado a enviar publicidad de nuestros servicios y productos, sus datos de car\u00e1cter personal pueden ser utilizados para gestionar el env\u00edo de ofertas publicitarias y boletines informativos a trav\u00e9s de medios electr\u00f3nicos. En estos casos resulta de aplicaci\u00f3n lo dispuesto en los art. 20 y 21 de la ley 34\/2002, de 11 de julio, de servicios de la sociedad de la informaci\u00f3n y de comercio electr\u00f3nico, respecto al uso y tratamiento de sus datos de car\u00e1cter personal con el fin de gestionar el env\u00edo de publicidad por medios electr\u00f3nicos.<\/p>\n<p style=\"font-weight: 400;\">En caso de que haya marcado la opci\u00f3n de recibir publicidad, o si se ha suscrito a nuestro newsletter o bolet\u00edn informativo, usted puede cancelar esta opci\u00f3n en cualquier momento.<\/p>\n<p style=\"font-weight: 400;\"><strong>\u00bfA qu\u00e9 destinatarios se comunicar\u00e1n sus datos?<\/strong><\/p>\n<p style=\"font-weight: 400;\"><strong>Destinatarios:<\/strong> Con car\u00e1cter general, sus datos de car\u00e1cter personal no se comunicar\u00e1n a ning\u00fan tercero ajeno a la entidad, salvo obligaci\u00f3n legal. No obstante, le informamos de que terceros proveedores pueden tener acceso a sus datos personales en calidad de encargados del tratamiento, en el marco de la prestaci\u00f3n de un servicio para la entidad responsable del tratamiento.<\/p>\n\n\t\t<\/div>\n\t<\/div>\n<\/div><\/div><\/div><\/div>","protected":false},"excerpt":{"rendered":"POL\u00cdTICA DE PRIVACITAT POL\u00cdTICA DE PRIVACIDAD De conformidad con lo dispuesto en el Reglamento General de Protecci\u00f3n de Datos RGPD UE 679\/2016 y la Ley Org\u00e1nica 3\/2018 de 5 de Diciembre, de Protecci\u00f3n de Datos Personales y Garant\u00eda de los [...]","protected":false},"author":1,"featured_media":0,"parent":0,"menu_order":0,"comment_status":"closed","ping_status":"closed","template":"full-width.php","meta":{"footnotes":""},"_links":{"self":[{"href":"https:\/\/danielnavarre.com\/es\/wp-json\/wp\/v2\/pages\/7257"}],"collection":[{"href":"https:\/\/danielnavarre.com\/es\/wp-json\/wp\/v2\/pages"}],"about":[{"href":"https:\/\/danielnavarre.com\/es\/wp-json\/wp\/v2\/types\/page"}],"author":[{"embeddable":true,"href":"https:\/\/danielnavarre.com\/es\/wp-json\/wp\/v2\/users\/1"}],"replies":[{"embeddable":true,"href":"https:\/\/danielnavarre.com\/es\/wp-json\/wp\/v2\/comments?post=7257"}],"version-history":[{"count":4,"href":"https:\/\/danielnavarre.com\/es\/wp-json\/wp\/v2\/pages\/7257\/revisions"}],"predecessor-version":[{"id":7266,"href":"https:\/\/danielnavarre.com\/es\/wp-json\/wp\/v2\/pages\/7257\/revisions\/7266"}],"wp:attachment":[{"href":"https:\/\/danielnavarre.com\/es\/wp-json\/wp\/v2\/media?parent=7257"}],"curies":[{"name":"wp","href":"https:\/\/api.w.org\/{rel}","templated":true}]}}